{"id":11801,"date":"2025-10-14T17:00:31","date_gmt":"2025-10-14T15:00:31","guid":{"rendered":"https:\/\/wiserootz.nl\/?post_type=product&#038;p=11801"},"modified":"2026-01-12T17:22:20","modified_gmt":"2026-01-12T16:22:20","slug":"wise-rootz-x-ivan-van-eijsden","status":"publish","type":"product","link":"https:\/\/wiserootz.nl\/en\/product\/wise-rootz-x-ivan-van-eijsden\/","title":{"rendered":"Wise Rootz X Ivan van Eijsden"},"content":{"rendered":"<h2 data-start=\"455\" data-end=\"534\"><strong data-start=\"461\" data-end=\"511\">Wise Rootz \u2715 Ivan van Eijsden\u00a0<\/strong><\/h2>\n<p data-start=\"536\" data-end=\"780\">Ervaar een nieuw niveau van bewustwording met de <strong data-start=\"585\" data-end=\"629\">Wise Rootz \u2715 Ivan van Eijsden<\/strong>.<br data-start=\"630\" data-end=\"633\" \/>Deze samenwerking brengt microdosing, cacao en ademwerk samen in \u00e9\u00e9n ritueel. Zo ondersteun je zowel lichaam als geest op een natuurlijke manier.<\/p>\n<p data-start=\"782\" data-end=\"1018\">De box combineert <strong data-start=\"800\" data-end=\"821\">ceremoni\u00eble cacao<\/strong> and <strong data-start=\"825\" data-end=\"855\">verse microdosing truffels<\/strong> tot een dagelijkse practice.<br data-start=\"884\" data-end=\"887\" \/>Via de <strong data-start=\"894\" data-end=\"912\">Wise Rootz app<\/strong> ontvang je begeleiding, reflectievragen en tools. Daardoor kun je jouw proces stap voor stap verdiepen.<\/p>\n<p data-start=\"1020\" data-end=\"1343\">Daarnaast ontvang je <strong data-start=\"1041\" data-end=\"1129\">exclusieve korting op een persoonlijke 1-op-1 breathwork-sessie met Ivan van Eijsden<\/strong>.<br data-start=\"1130\" data-end=\"1133\" \/>Tijdens deze sessie drink je ceremoni\u00eble cacao, waardoor het hart opent en de adem zich verdiept.<br data-start=\"1230\" data-end=\"1233\" \/>Zo ontstaat een krachtige verbinding met jezelf \u2013 een ervaring die het microdosing-ritueel prachtig aanvult.<\/p>\n<p data-start=\"1345\" data-end=\"1376\"><strong data-start=\"1345\" data-end=\"1374\">Wat maakt deze box uniek?<\/strong><\/p>\n<ul data-start=\"1377\" data-end=\"1668\">\n<li data-start=\"1377\" data-end=\"1443\">\n<p data-start=\"1379\" data-end=\"1443\">Premium truffels en ceremoni\u00eble cacao van biologische herkomst<\/p>\n<\/li>\n<li data-start=\"1444\" data-end=\"1514\">\n<p data-start=\"1446\" data-end=\"1514\">Een bewust ritueel ontwikkeld met ademwerk-expert Ivan van Eijsden<\/p>\n<\/li>\n<li data-start=\"1515\" data-end=\"1587\">\n<p data-start=\"1517\" data-end=\"1587\">Toegang tot de Wise Rootz tracking-app voor persoonlijke begeleiding<\/p>\n<\/li>\n<li data-start=\"1588\" data-end=\"1668\">\n<p data-start=\"1590\" data-end=\"1668\">Exclusieve korting op een 1-op-1 breathwork-sessie inclusief cacao-ceremonie<\/p>\n<\/li>\n<\/ul>\n<p data-start=\"1670\" data-end=\"1805\">Ten slotte vormt deze samenwerking een uitnodiging om bewust te leven \u2013 en te groeien vanuit adem, intentie en natuurlijke balans.<\/p>\n<p data-start=\"553\" data-end=\"834\"><strong data-start=\"553\" data-end=\"623\">\u00a0EXCLUSIEF: Korting op een Breathwork-sessie van Ivan van Eijsden<\/strong><\/p>","protected":false},"excerpt":{"rendered":"<p>Ervaar de unieke samenwerking tussen Wise Rootz en Ivan van Eijsden: microdosing truffels en ceremoni\u00eble cacao in \u00e9\u00e9n box, met begeleiding via de Wise Rootz app.<\/p>","protected":false},"featured_media":12619,"comment_status":"open","ping_status":"closed","template":"","meta":{"_acf_changed":false},"product_brand":[],"product_cat":[225,224],"product_tag":[],"class_list":{"0":"post-11801","1":"product","2":"type-product","3":"status-publish","4":"has-post-thumbnail","6":"product_cat-alle-producten","7":"product_cat-microdosing","8":"product_shipping_class-microdosing-truffels-nl","10":"first","11":"instock","12":"taxable","13":"shipping-taxable","14":"purchasable","15":"product-type-variable"},"acf":[],"yoast_head":"<!-- This site is optimized with the Yoast SEO Premium plugin v27.2 (Yoast SEO v27.2) - https:\/\/yoast.com\/product\/yoast-seo-premium-wordpress\/ -->\n<title>Wise Rootz x Ivan van Eijsden | Premium cacao &amp; breathwork<\/title>\n<meta name=\"description\" content=\"Ontdek Wise Rootz x Ivan van Eijsden \u2013 premium microdosing box met cacao \u00e9n korting op een exclusieve 1-op-1 breathwork sessie.\" \/>\n<meta name=\"robots\" content=\"index, follow, max-snippet:-1, max-image-preview:large, max-video-preview:-1\" \/>\n<link rel=\"canonical\" href=\"https:\/\/wiserootz.nl\/en\/product\/wise-rootz-x-ivan-van-eijsden\/\" \/>\n<meta property=\"og:locale\" content=\"en_GB\" \/>\n<meta property=\"og:type\" content=\"article\" \/>\n<meta property=\"og:title\" content=\"Wise Rootz X Ivan van Eijsden\" \/>\n<meta property=\"og:description\" content=\"Ontdek Wise Rootz x Ivan van Eijsden \u2013 premium microdosing box met cacao \u00e9n korting op een exclusieve 1-op-1 breathwork sessie.\" \/>\n<meta property=\"og:url\" content=\"https:\/\/wiserootz.nl\/en\/product\/wise-rootz-x-ivan-van-eijsden\/\" \/>\n<meta property=\"og:site_name\" content=\"Wise Rootz\" \/>\n<meta property=\"article:publisher\" content=\"https:\/\/www.instagram.com\/wiserootz.nl\/\" \/>\n<meta property=\"article:modified_time\" content=\"2026-01-12T16:22:20+00:00\" \/>\n<meta property=\"og:image\" content=\"https:\/\/wiserootz.nl\/wp-content\/uploads\/2025\/10\/18.png\" \/>\n\t<meta property=\"og:image:width\" content=\"1080\" \/>\n\t<meta property=\"og:image:height\" content=\"1080\" \/>\n\t<meta property=\"og:image:type\" content=\"image\/png\" \/>\n<meta name=\"twitter:card\" content=\"summary_large_image\" \/>\n<meta name=\"twitter:label1\" content=\"Availability\" \/>\n\t<meta name=\"twitter:data1\" content=\"In stock\" \/>\n<script type=\"application\/ld+json\" class=\"yoast-schema-graph\">{\"@context\":\"https:\/\/schema.org\",\"@graph\":[{\"@type\":\"WebPage\",\"@id\":\"https:\/\/wiserootz.nl\/product\/wise-rootz-x-ivan-van-eijsden\/\",\"url\":\"https:\/\/wiserootz.nl\/product\/wise-rootz-x-ivan-van-eijsden\/\",\"name\":\"Wise Rootz x Ivan van Eijsden | Premium cacao & breathwork\",\"isPartOf\":{\"@id\":\"https:\/\/wiserootz.nl\/#website\"},\"primaryImageOfPage\":{\"@id\":\"https:\/\/wiserootz.nl\/product\/wise-rootz-x-ivan-van-eijsden\/#primaryimage\"},\"image\":{\"@id\":\"https:\/\/wiserootz.nl\/product\/wise-rootz-x-ivan-van-eijsden\/#primaryimage\"},\"thumbnailUrl\":\"https:\/\/wiserootz.nl\/wp-content\/uploads\/2025\/10\/18.png\",\"datePublished\":\"2025-10-14T15:00:31+00:00\",\"dateModified\":\"2026-01-12T16:22:20+00:00\",\"description\":\"Ontdek Wise Rootz x Ivan van Eijsden \u2013 premium microdosing box met cacao \u00e9n korting op een exclusieve 1-op-1 breathwork sessie.\",\"breadcrumb\":{\"@id\":\"https:\/\/wiserootz.nl\/product\/wise-rootz-x-ivan-van-eijsden\/#breadcrumb\"},\"inLanguage\":\"en-GB\",\"potentialAction\":[{\"@type\":\"ReadAction\",\"target\":[\"https:\/\/wiserootz.nl\/product\/wise-rootz-x-ivan-van-eijsden\/\"]}]},{\"@type\":\"ImageObject\",\"inLanguage\":\"en-GB\",\"@id\":\"https:\/\/wiserootz.nl\/product\/wise-rootz-x-ivan-van-eijsden\/#primaryimage\",\"url\":\"https:\/\/wiserootz.nl\/wp-content\/uploads\/2025\/10\/18.png\",\"contentUrl\":\"https:\/\/wiserootz.nl\/wp-content\/uploads\/2025\/10\/18.png\",\"width\":1080,\"height\":1080,\"caption\":\"Wise Rootz x Ivan van Eijsden \u2013 microdosing box met cacao en ademwerk\"},{\"@type\":\"BreadcrumbList\",\"@id\":\"https:\/\/wiserootz.nl\/product\/wise-rootz-x-ivan-van-eijsden\/#breadcrumb\",\"itemListElement\":[{\"@type\":\"ListItem\",\"position\":1,\"name\":\"Home\",\"item\":\"https:\/\/wiserootz.nl\/\"},{\"@type\":\"ListItem\",\"position\":2,\"name\":\"Winkel\",\"item\":\"https:\/\/wiserootz.nl\/winkel\/\"},{\"@type\":\"ListItem\",\"position\":3,\"name\":\"Wise Rootz X Ivan van Eijsden\"}]},{\"@type\":\"WebSite\",\"@id\":\"https:\/\/wiserootz.nl\/#website\",\"url\":\"https:\/\/wiserootz.nl\/\",\"name\":\"Wise Rootz\",\"description\":\"Be Wise and Root for a better tomorrow\",\"publisher\":{\"@id\":\"https:\/\/wiserootz.nl\/#organization\"},\"alternateName\":\"WR\",\"potentialAction\":[{\"@type\":\"SearchAction\",\"target\":{\"@type\":\"EntryPoint\",\"urlTemplate\":\"https:\/\/wiserootz.nl\/?s={search_term_string}\"},\"query-input\":{\"@type\":\"PropertyValueSpecification\",\"valueRequired\":true,\"valueName\":\"search_term_string\"}}],\"inLanguage\":\"en-GB\"},{\"@type\":\"Organization\",\"@id\":\"https:\/\/wiserootz.nl\/#organization\",\"name\":\"Wise Rootz\",\"url\":\"https:\/\/wiserootz.nl\/\",\"logo\":{\"@type\":\"ImageObject\",\"inLanguage\":\"en-GB\",\"@id\":\"https:\/\/wiserootz.nl\/#\/schema\/logo\/image\/\",\"url\":\"https:\/\/wiserootz.nl\/wp-content\/uploads\/2022\/11\/logo_wiserootz_dark.png\",\"contentUrl\":\"https:\/\/wiserootz.nl\/wp-content\/uploads\/2022\/11\/logo_wiserootz_dark.png\",\"width\":861,\"height\":217,\"caption\":\"Wise Rootz\"},\"image\":{\"@id\":\"https:\/\/wiserootz.nl\/#\/schema\/logo\/image\/\"},\"sameAs\":[\"https:\/\/www.instagram.com\/wiserootz.nl\/\"]}]}<\/script>\n<meta property=\"og:availability\" content=\"instock\" \/>\n<meta property=\"product:availability\" content=\"instock\" \/>\n<meta property=\"product:retailer_item_id\" content=\"WR-IVE-X01\" \/>\n<meta property=\"product:condition\" content=\"new\" \/>\n<!-- \/ Yoast SEO Premium plugin. -->","yoast_head_json":{"title":"Wise Rootz x Ivan van Eijsden | Premium cacao & breathwork","description":"Ontdek Wise Rootz x Ivan van Eijsden \u2013 premium microdosing box met cacao \u00e9n korting op een exclusieve 1-op-1 breathwork sessie.","robots":{"index":"index","follow":"follow","max-snippet":"max-snippet:-1","max-image-preview":"max-image-preview:large","max-video-preview":"max-video-preview:-1"},"canonical":"https:\/\/wiserootz.nl\/en\/product\/wise-rootz-x-ivan-van-eijsden\/","og_locale":"en_GB","og_type":"article","og_title":"Wise Rootz X Ivan van Eijsden","og_description":"Ontdek Wise Rootz x Ivan van Eijsden \u2013 premium microdosing box met cacao \u00e9n korting op een exclusieve 1-op-1 breathwork sessie.","og_url":"https:\/\/wiserootz.nl\/en\/product\/wise-rootz-x-ivan-van-eijsden\/","og_site_name":"Wise Rootz","article_publisher":"https:\/\/www.instagram.com\/wiserootz.nl\/","article_modified_time":"2026-01-12T16:22:20+00:00","og_image":[{"width":1080,"height":1080,"url":"https:\/\/wiserootz.nl\/wp-content\/uploads\/2025\/10\/18.png","type":"image\/png"}],"twitter_card":"summary_large_image","twitter_misc":{"Availability":"In stock"},"schema":{"@context":"https:\/\/schema.org","@graph":[{"@type":"WebPage","@id":"https:\/\/wiserootz.nl\/product\/wise-rootz-x-ivan-van-eijsden\/","url":"https:\/\/wiserootz.nl\/product\/wise-rootz-x-ivan-van-eijsden\/","name":"Wise Rootz x Ivan van Eijsden | Premium cacao & breathwork","isPartOf":{"@id":"https:\/\/wiserootz.nl\/#website"},"primaryImageOfPage":{"@id":"https:\/\/wiserootz.nl\/product\/wise-rootz-x-ivan-van-eijsden\/#primaryimage"},"image":{"@id":"https:\/\/wiserootz.nl\/product\/wise-rootz-x-ivan-van-eijsden\/#primaryimage"},"thumbnailUrl":"https:\/\/wiserootz.nl\/wp-content\/uploads\/2025\/10\/18.png","datePublished":"2025-10-14T15:00:31+00:00","dateModified":"2026-01-12T16:22:20+00:00","description":"Ontdek Wise Rootz x Ivan van Eijsden \u2013 premium microdosing box met cacao \u00e9n korting op een exclusieve 1-op-1 breathwork sessie.","breadcrumb":{"@id":"https:\/\/wiserootz.nl\/product\/wise-rootz-x-ivan-van-eijsden\/#breadcrumb"},"inLanguage":"en-GB","potentialAction":[{"@type":"ReadAction","target":["https:\/\/wiserootz.nl\/product\/wise-rootz-x-ivan-van-eijsden\/"]}]},{"@type":"ImageObject","inLanguage":"en-GB","@id":"https:\/\/wiserootz.nl\/product\/wise-rootz-x-ivan-van-eijsden\/#primaryimage","url":"https:\/\/wiserootz.nl\/wp-content\/uploads\/2025\/10\/18.png","contentUrl":"https:\/\/wiserootz.nl\/wp-content\/uploads\/2025\/10\/18.png","width":1080,"height":1080,"caption":"Wise Rootz x Ivan van Eijsden \u2013 microdosing box met cacao en ademwerk"},{"@type":"BreadcrumbList","@id":"https:\/\/wiserootz.nl\/product\/wise-rootz-x-ivan-van-eijsden\/#breadcrumb","itemListElement":[{"@type":"ListItem","position":1,"name":"Home","item":"https:\/\/wiserootz.nl\/"},{"@type":"ListItem","position":2,"name":"Winkel","item":"https:\/\/wiserootz.nl\/winkel\/"},{"@type":"ListItem","position":3,"name":"Wise Rootz X Ivan van Eijsden"}]},{"@type":"WebSite","@id":"https:\/\/wiserootz.nl\/#website","url":"https:\/\/wiserootz.nl\/","name":"Wise Rootz","description":"Be Wise and Root for a better tomorrow","publisher":{"@id":"https:\/\/wiserootz.nl\/#organization"},"alternateName":"WR","potentialAction":[{"@type":"SearchAction","target":{"@type":"EntryPoint","urlTemplate":"https:\/\/wiserootz.nl\/?s={search_term_string}"},"query-input":{"@type":"PropertyValueSpecification","valueRequired":true,"valueName":"search_term_string"}}],"inLanguage":"en-GB"},{"@type":"Organization","@id":"https:\/\/wiserootz.nl\/#organization","name":"Wise Rootz","url":"https:\/\/wiserootz.nl\/","logo":{"@type":"ImageObject","inLanguage":"en-GB","@id":"https:\/\/wiserootz.nl\/#\/schema\/logo\/image\/","url":"https:\/\/wiserootz.nl\/wp-content\/uploads\/2022\/11\/logo_wiserootz_dark.png","contentUrl":"https:\/\/wiserootz.nl\/wp-content\/uploads\/2022\/11\/logo_wiserootz_dark.png","width":861,"height":217,"caption":"Wise Rootz"},"image":{"@id":"https:\/\/wiserootz.nl\/#\/schema\/logo\/image\/"},"sameAs":["https:\/\/www.instagram.com\/wiserootz.nl\/"]}]},"og_availability":"instock","product_availability":"instock","product_retailer_item_id":"WR-IVE-X01","product_condition":"new"},"jetpack_sharing_enabled":true,"_links":{"self":[{"href":"https:\/\/wiserootz.nl\/en\/wp-json\/wp\/v2\/product\/11801","targetHints":{"allow":["GET"]}}],"collection":[{"href":"https:\/\/wiserootz.nl\/en\/wp-json\/wp\/v2\/product"}],"about":[{"href":"https:\/\/wiserootz.nl\/en\/wp-json\/wp\/v2\/types\/product"}],"replies":[{"embeddable":true,"href":"https:\/\/wiserootz.nl\/en\/wp-json\/wp\/v2\/comments?post=11801"}],"wp:featuredmedia":[{"embeddable":true,"href":"https:\/\/wiserootz.nl\/en\/wp-json\/wp\/v2\/media\/12619"}],"wp:attachment":[{"href":"https:\/\/wiserootz.nl\/en\/wp-json\/wp\/v2\/media?parent=11801"}],"wp:term":[{"taxonomy":"product_brand","embeddable":true,"href":"https:\/\/wiserootz.nl\/en\/wp-json\/wp\/v2\/product_brand?post=11801"},{"taxonomy":"product_cat","embeddable":true,"href":"https:\/\/wiserootz.nl\/en\/wp-json\/wp\/v2\/product_cat?post=11801"},{"taxonomy":"product_tag","embeddable":true,"href":"https:\/\/wiserootz.nl\/en\/wp-json\/wp\/v2\/product_tag?post=11801"}],"curies":[{"name":"wp","href":"https:\/\/api.w.org\/{rel}","templated":true}]}}